{"id":22383,"date":"2025-11-17T13:02:42","date_gmt":"2025-11-17T09:32:42","guid":{"rendered":"https:\/\/elbizgida.com\/item-name\/%da%a9%db%8c%da%a9-%d8%aa%d9%88%d9%84%d8%af-%db%b2-%db%b4-%d9%86%d9%81%d8%b1%d9%87\/"},"modified":"2025-11-17T13:02:42","modified_gmt":"2025-11-17T09:32:42","slug":"%da%a9%db%8c%da%a9-%d8%aa%d9%88%d9%84%d8%af-%db%b2-%db%b4-%d9%86%d9%81%d8%b1%d9%87","status":"publish","type":"product","link":"https:\/\/elbizgida.com\/fa\/item-name\/%da%a9%db%8c%da%a9-%d8%aa%d9%88%d9%84%d8%af-%db%b2-%db%b4-%d9%86%d9%81%d8%b1%d9%87\/","title":{"rendered":"\u06a9\u06cc\u06a9 \u062a\u0648\u0644\u062f \u06f2-\u06f4 \u0646\u0641\u0631\u0647"},"content":{"rendered":"<p>\u06a9\u06cc\u06a9 \u062a\u0648\u0644\u062f \u06f2-\u06f4 \u0646\u0641\u0631\u0647<\/p>\n","protected":false},"excerpt":{"rendered":"<p>\u06a9\u06cc\u06a9 \u062a\u0648\u0644\u062f \u06f2-\u06f4 \u0646\u0641\u0631\u0647<\/p>\n","protected":false},"featured_media":9458,"comment_status":"open","ping_status":"closed","template":"","meta":[],"product_brand":[],"product_cat":[137,176],"product_tag":[],"class_list":{"0":"post-22383","1":"product","2":"type-product","3":"status-publish","4":"has-post-thumbnail","6":"product_cat-desserts","7":"product_cat-special-of-the-week-fa","9":"first","10":"instock","11":"taxable","12":"shipping-taxable","13":"product-type-simple"},"yoast_head":"<!-- This site is optimized with the Yoast SEO Premium plugin v25.7 (Yoast SEO v25.8) - https:\/\/yoast.com\/wordpress\/plugins\/seo\/ -->\n<title>\u06a9\u06cc\u06a9 \u062a\u0648\u0644\u062f \u06f2-\u06f4 \u0646\u0641\u0631\u0647 | \u062f\u0633\u0631\u0647\u0627, \u0648\u06cc\u0698\u0647 \u0647\u0641\u062a\u0647 - Fragola Kafe Beylikd\u00fcz\u00fc<\/title>\n<meta name=\"description\" content=\"\u06a9\u06cc\u06a9 \u062a\u0648\u0644\u062f \u06f2-\u06f4 \u0646\u0641\u0631\u0647\" \/>\n<meta name=\"robots\" content=\"index, follow, max-snippet:-1, max-image-preview:large, max-video-preview:-1\" \/>\n<link rel=\"canonical\" href=\"https:\/\/elbizgida.com\/fa\/item-name\/\u06a9\u06cc\u06a9-\u062a\u0648\u0644\u062f-\u06f2-\u06f4-\u0646\u0641\u0631\u0647\/\" \/>\n<meta property=\"og:locale\" content=\"fa_IR\" \/>\n<meta property=\"og:type\" content=\"article\" \/>\n<meta property=\"og:title\" content=\"\u06a9\u06cc\u06a9 \u062a\u0648\u0644\u062f \u06f2-\u06f4 \u0646\u0641\u0631\u0647\" \/>\n<meta property=\"og:description\" content=\"\u06a9\u06cc\u06a9 \u062a\u0648\u0644\u062f \u06f2-\u06f4 \u0646\u0641\u0631\u0647\" \/>\n<meta property=\"og:url\" content=\"https:\/\/elbizgida.com\/fa\/item-name\/\u06a9\u06cc\u06a9-\u062a\u0648\u0644\u062f-\u06f2-\u06f4-\u0646\u0641\u0631\u0647\/\" \/>\n<meta property=\"og:site_name\" content=\"Elbiz Cafe\" \/>\n<meta property=\"og:image\" content=\"https:\/\/elbizgida.com\/wp-content\/uploads\/2025\/11\/040abe3d-a767-40a4-b6be-a188ddd7b060.jpeg\" \/>\n\t<meta property=\"og:image:width\" content=\"750\" \/>\n\t<meta property=\"og:image:height\" content=\"1000\" \/>\n\t<meta property=\"og:image:type\" content=\"image\/jpeg\" \/>\n<meta name=\"twitter:card\" content=\"summary_large_image\" \/>\n<script type=\"application\/ld+json\" class=\"yoast-schema-graph\">{\"@context\":\"https:\/\/schema.org\",\"@graph\":[{\"@type\":\"WebPage\",\"@id\":\"https:\/\/elbizgida.com\/fa\/item-name\/%da%a9%db%8c%da%a9-%d8%aa%d9%88%d9%84%d8%af-%db%b2-%db%b4-%d9%86%d9%81%d8%b1%d9%87\/\",\"url\":\"https:\/\/elbizgida.com\/fa\/item-name\/%da%a9%db%8c%da%a9-%d8%aa%d9%88%d9%84%d8%af-%db%b2-%db%b4-%d9%86%d9%81%d8%b1%d9%87\/\",\"name\":\"\u06a9\u06cc\u06a9 \u062a\u0648\u0644\u062f \u06f2-\u06f4 \u0646\u0641\u0631\u0647 | \u062f\u0633\u0631\u0647\u0627, \u0648\u06cc\u0698\u0647 \u0647\u0641\u062a\u0647 - Fragola Kafe Beylikd\u00fcz\u00fc\",\"isPartOf\":{\"@id\":\"https:\/\/elbizgida.com\/#website\"},\"primaryImageOfPage\":{\"@id\":\"https:\/\/elbizgida.com\/fa\/item-name\/%da%a9%db%8c%da%a9-%d8%aa%d9%88%d9%84%d8%af-%db%b2-%db%b4-%d9%86%d9%81%d8%b1%d9%87\/#primaryimage\"},\"image\":{\"@id\":\"https:\/\/elbizgida.com\/fa\/item-name\/%da%a9%db%8c%da%a9-%d8%aa%d9%88%d9%84%d8%af-%db%b2-%db%b4-%d9%86%d9%81%d8%b1%d9%87\/#primaryimage\"},\"thumbnailUrl\":\"https:\/\/elbizgida.com\/wp-content\/uploads\/2025\/11\/040abe3d-a767-40a4-b6be-a188ddd7b060.jpeg\",\"datePublished\":\"2025-11-17T09:32:42+00:00\",\"description\":\"\u06a9\u06cc\u06a9 \u062a\u0648\u0644\u062f \u06f2-\u06f4 \u0646\u0641\u0631\u0647\",\"breadcrumb\":{\"@id\":\"https:\/\/elbizgida.com\/fa\/item-name\/%da%a9%db%8c%da%a9-%d8%aa%d9%88%d9%84%d8%af-%db%b2-%db%b4-%d9%86%d9%81%d8%b1%d9%87\/#breadcrumb\"},\"inLanguage\":\"fa-IR\",\"potentialAction\":[{\"@type\":\"ReadAction\",\"target\":[\"https:\/\/elbizgida.com\/fa\/item-name\/%da%a9%db%8c%da%a9-%d8%aa%d9%88%d9%84%d8%af-%db%b2-%db%b4-%d9%86%d9%81%d8%b1%d9%87\/\"]}]},{\"@type\":\"ImageObject\",\"inLanguage\":\"fa-IR\",\"@id\":\"https:\/\/elbizgida.com\/fa\/item-name\/%da%a9%db%8c%da%a9-%d8%aa%d9%88%d9%84%d8%af-%db%b2-%db%b4-%d9%86%d9%81%d8%b1%d9%87\/#primaryimage\",\"url\":\"https:\/\/elbizgida.com\/wp-content\/uploads\/2025\/11\/040abe3d-a767-40a4-b6be-a188ddd7b060.jpeg\",\"contentUrl\":\"https:\/\/elbizgida.com\/wp-content\/uploads\/2025\/11\/040abe3d-a767-40a4-b6be-a188ddd7b060.jpeg\",\"width\":750,\"height\":1000,\"caption\":\"Do\u011fum g\u00fcn\u00fc pastas\u0131 2-4 ki\u015filik\"},{\"@type\":\"BreadcrumbList\",\"@id\":\"https:\/\/elbizgida.com\/fa\/item-name\/%da%a9%db%8c%da%a9-%d8%aa%d9%88%d9%84%d8%af-%db%b2-%db%b4-%d9%86%d9%81%d8%b1%d9%87\/#breadcrumb\",\"itemListElement\":[{\"@type\":\"ListItem\",\"position\":1,\"name\":\"Elbiz Cafe\",\"item\":\"https:\/\/elbizgida.com\/\"},{\"@type\":\"ListItem\",\"position\":2,\"name\":\"Products\",\"item\":\"https:\/\/elbizgida.com\/shop__trashed\/\"},{\"@type\":\"ListItem\",\"position\":3,\"name\":\"\u06a9\u06cc\u06a9 \u062a\u0648\u0644\u062f \u06f2-\u06f4 \u0646\u0641\u0631\u0647\"}]},{\"@type\":\"WebSite\",\"@id\":\"https:\/\/elbizgida.com\/#website\",\"url\":\"https:\/\/elbizgida.com\/\",\"name\":\"Elbiz Cafe\",\"description\":\"Nitelikli kahve, taptaze tatl\u0131lar ve keyifli anlar\",\"publisher\":{\"@id\":\"https:\/\/elbizgida.com\/#organization\"},\"alternateName\":\"Elbiz\",\"potentialAction\":[{\"@type\":\"SearchAction\",\"target\":{\"@type\":\"EntryPoint\",\"urlTemplate\":\"https:\/\/elbizgida.com\/?s={search_term_string}\"},\"query-input\":{\"@type\":\"PropertyValueSpecification\",\"valueRequired\":true,\"valueName\":\"search_term_string\"}}],\"inLanguage\":\"fa-IR\"},{\"@type\":\"Organization\",\"@id\":\"https:\/\/elbizgida.com\/#organization\",\"name\":\"Fragola Kafe\",\"alternateName\":\"Fragola\",\"url\":\"https:\/\/elbizgida.com\/\",\"logo\":{\"@type\":\"ImageObject\",\"inLanguage\":\"fa-IR\",\"@id\":\"https:\/\/elbizgida.com\/#\/schema\/logo\/image\/\",\"url\":\"https:\/\/elbizgida.com\/wp-content\/uploads\/2025\/09\/elbizcafe.png\",\"contentUrl\":\"https:\/\/elbizgida.com\/wp-content\/uploads\/2025\/09\/elbizcafe.png\",\"width\":512,\"height\":512,\"caption\":\"Fragola Kafe\"},\"image\":{\"@id\":\"https:\/\/elbizgida.com\/#\/schema\/logo\/image\/\"},\"sameAs\":[\"https:\/\/instagram.com\/fragola.beylikduzu\"],\"description\":\"Fragola Kafe, misafirlerine nitelikli kahveler, taptaze tatl\u0131lar ve keyifli anlar sunan bir butik kafedir.\",\"email\":\"info@elbizgida.com\",\"telephone\":\"+905056055005\",\"legalName\":\"Fragola Kafe\"}]}<\/script>\n<!-- \/ Yoast SEO Premium plugin. -->","yoast_head_json":{"title":"\u06a9\u06cc\u06a9 \u062a\u0648\u0644\u062f \u06f2-\u06f4 \u0646\u0641\u0631\u0647 | \u062f\u0633\u0631\u0647\u0627, \u0648\u06cc\u0698\u0647 \u0647\u0641\u062a\u0647 - Fragola Kafe Beylikd\u00fcz\u00fc","description":"\u06a9\u06cc\u06a9 \u062a\u0648\u0644\u062f \u06f2-\u06f4 \u0646\u0641\u0631\u0647","robots":{"index":"index","follow":"follow","max-snippet":"max-snippet:-1","max-image-preview":"max-image-preview:large","max-video-preview":"max-video-preview:-1"},"canonical":"https:\/\/elbizgida.com\/fa\/item-name\/\u06a9\u06cc\u06a9-\u062a\u0648\u0644\u062f-\u06f2-\u06f4-\u0646\u0641\u0631\u0647\/","og_locale":"fa_IR","og_type":"article","og_title":"\u06a9\u06cc\u06a9 \u062a\u0648\u0644\u062f \u06f2-\u06f4 \u0646\u0641\u0631\u0647","og_description":"\u06a9\u06cc\u06a9 \u062a\u0648\u0644\u062f \u06f2-\u06f4 \u0646\u0641\u0631\u0647","og_url":"https:\/\/elbizgida.com\/fa\/item-name\/\u06a9\u06cc\u06a9-\u062a\u0648\u0644\u062f-\u06f2-\u06f4-\u0646\u0641\u0631\u0647\/","og_site_name":"Elbiz Cafe","og_image":[{"width":750,"height":1000,"url":"https:\/\/elbizgida.com\/wp-content\/uploads\/2025\/11\/040abe3d-a767-40a4-b6be-a188ddd7b060.jpeg","type":"image\/jpeg"}],"twitter_card":"summary_large_image","schema":{"@context":"https:\/\/schema.org","@graph":[{"@type":"WebPage","@id":"https:\/\/elbizgida.com\/fa\/item-name\/%da%a9%db%8c%da%a9-%d8%aa%d9%88%d9%84%d8%af-%db%b2-%db%b4-%d9%86%d9%81%d8%b1%d9%87\/","url":"https:\/\/elbizgida.com\/fa\/item-name\/%da%a9%db%8c%da%a9-%d8%aa%d9%88%d9%84%d8%af-%db%b2-%db%b4-%d9%86%d9%81%d8%b1%d9%87\/","name":"\u06a9\u06cc\u06a9 \u062a\u0648\u0644\u062f \u06f2-\u06f4 \u0646\u0641\u0631\u0647 | \u062f\u0633\u0631\u0647\u0627, \u0648\u06cc\u0698\u0647 \u0647\u0641\u062a\u0647 - Fragola Kafe Beylikd\u00fcz\u00fc","isPartOf":{"@id":"https:\/\/elbizgida.com\/#website"},"primaryImageOfPage":{"@id":"https:\/\/elbizgida.com\/fa\/item-name\/%da%a9%db%8c%da%a9-%d8%aa%d9%88%d9%84%d8%af-%db%b2-%db%b4-%d9%86%d9%81%d8%b1%d9%87\/#primaryimage"},"image":{"@id":"https:\/\/elbizgida.com\/fa\/item-name\/%da%a9%db%8c%da%a9-%d8%aa%d9%88%d9%84%d8%af-%db%b2-%db%b4-%d9%86%d9%81%d8%b1%d9%87\/#primaryimage"},"thumbnailUrl":"https:\/\/elbizgida.com\/wp-content\/uploads\/2025\/11\/040abe3d-a767-40a4-b6be-a188ddd7b060.jpeg","datePublished":"2025-11-17T09:32:42+00:00","description":"\u06a9\u06cc\u06a9 \u062a\u0648\u0644\u062f \u06f2-\u06f4 \u0646\u0641\u0631\u0647","breadcrumb":{"@id":"https:\/\/elbizgida.com\/fa\/item-name\/%da%a9%db%8c%da%a9-%d8%aa%d9%88%d9%84%d8%af-%db%b2-%db%b4-%d9%86%d9%81%d8%b1%d9%87\/#breadcrumb"},"inLanguage":"fa-IR","potentialAction":[{"@type":"ReadAction","target":["https:\/\/elbizgida.com\/fa\/item-name\/%da%a9%db%8c%da%a9-%d8%aa%d9%88%d9%84%d8%af-%db%b2-%db%b4-%d9%86%d9%81%d8%b1%d9%87\/"]}]},{"@type":"ImageObject","inLanguage":"fa-IR","@id":"https:\/\/elbizgida.com\/fa\/item-name\/%da%a9%db%8c%da%a9-%d8%aa%d9%88%d9%84%d8%af-%db%b2-%db%b4-%d9%86%d9%81%d8%b1%d9%87\/#primaryimage","url":"https:\/\/elbizgida.com\/wp-content\/uploads\/2025\/11\/040abe3d-a767-40a4-b6be-a188ddd7b060.jpeg","contentUrl":"https:\/\/elbizgida.com\/wp-content\/uploads\/2025\/11\/040abe3d-a767-40a4-b6be-a188ddd7b060.jpeg","width":750,"height":1000,"caption":"Do\u011fum g\u00fcn\u00fc pastas\u0131 2-4 ki\u015filik"},{"@type":"BreadcrumbList","@id":"https:\/\/elbizgida.com\/fa\/item-name\/%da%a9%db%8c%da%a9-%d8%aa%d9%88%d9%84%d8%af-%db%b2-%db%b4-%d9%86%d9%81%d8%b1%d9%87\/#breadcrumb","itemListElement":[{"@type":"ListItem","position":1,"name":"Elbiz Cafe","item":"https:\/\/elbizgida.com\/"},{"@type":"ListItem","position":2,"name":"Products","item":"https:\/\/elbizgida.com\/shop__trashed\/"},{"@type":"ListItem","position":3,"name":"\u06a9\u06cc\u06a9 \u062a\u0648\u0644\u062f \u06f2-\u06f4 \u0646\u0641\u0631\u0647"}]},{"@type":"WebSite","@id":"https:\/\/elbizgida.com\/#website","url":"https:\/\/elbizgida.com\/","name":"Elbiz Cafe","description":"Nitelikli kahve, taptaze tatl\u0131lar ve keyifli anlar","publisher":{"@id":"https:\/\/elbizgida.com\/#organization"},"alternateName":"Elbiz","potentialAction":[{"@type":"SearchAction","target":{"@type":"EntryPoint","urlTemplate":"https:\/\/elbizgida.com\/?s={search_term_string}"},"query-input":{"@type":"PropertyValueSpecification","valueRequired":true,"valueName":"search_term_string"}}],"inLanguage":"fa-IR"},{"@type":"Organization","@id":"https:\/\/elbizgida.com\/#organization","name":"Fragola Kafe","alternateName":"Fragola","url":"https:\/\/elbizgida.com\/","logo":{"@type":"ImageObject","inLanguage":"fa-IR","@id":"https:\/\/elbizgida.com\/#\/schema\/logo\/image\/","url":"https:\/\/elbizgida.com\/wp-content\/uploads\/2025\/09\/elbizcafe.png","contentUrl":"https:\/\/elbizgida.com\/wp-content\/uploads\/2025\/09\/elbizcafe.png","width":512,"height":512,"caption":"Fragola Kafe"},"image":{"@id":"https:\/\/elbizgida.com\/#\/schema\/logo\/image\/"},"sameAs":["https:\/\/instagram.com\/fragola.beylikduzu"],"description":"Fragola Kafe, misafirlerine nitelikli kahveler, taptaze tatl\u0131lar ve keyifli anlar sunan bir butik kafedir.","email":"info@elbizgida.com","telephone":"+905056055005","legalName":"Fragola Kafe"}]}},"_links":{"self":[{"href":"https:\/\/elbizgida.com\/fa\/wp-json\/wp\/v2\/product\/22383","targetHints":{"allow":["GET"]}}],"collection":[{"href":"https:\/\/elbizgida.com\/fa\/wp-json\/wp\/v2\/product"}],"about":[{"href":"https:\/\/elbizgida.com\/fa\/wp-json\/wp\/v2\/types\/product"}],"replies":[{"embeddable":true,"href":"https:\/\/elbizgida.com\/fa\/wp-json\/wp\/v2\/comments?post=22383"}],"wp:featuredmedia":[{"embeddable":true,"href":"https:\/\/elbizgida.com\/fa\/wp-json\/wp\/v2\/media\/9458"}],"wp:attachment":[{"href":"https:\/\/elbizgida.com\/fa\/wp-json\/wp\/v2\/media?parent=22383"}],"wp:term":[{"taxonomy":"product_brand","embeddable":true,"href":"https:\/\/elbizgida.com\/fa\/wp-json\/wp\/v2\/product_brand?post=22383"},{"taxonomy":"product_cat","embeddable":true,"href":"https:\/\/elbizgida.com\/fa\/wp-json\/wp\/v2\/product_cat?post=22383"},{"taxonomy":"product_tag","embeddable":true,"href":"https:\/\/elbizgida.com\/fa\/wp-json\/wp\/v2\/product_tag?post=22383"}],"curies":[{"name":"wp","href":"https:\/\/api.w.org\/{rel}","templated":true}]}}